{"id":3,"date":"2020-11-17T11:39:41","date_gmt":"2020-11-17T10:39:41","guid":{"rendered":"http:\/\/www.csgpt.com\/?page_id=3"},"modified":"2020-12-04T15:11:54","modified_gmt":"2020-12-04T14:11:54","slug":"politique-de-confidentialite","status":"publish","type":"page","link":"https:\/\/www.csgpt.com\/en\/politique-de-confidentialite\/","title":{"rendered":"Privacy Policy"},"content":{"rendered":"<div data-elementor-type=\"wp-page\" data-elementor-id=\"3\" class=\"elementor elementor-3\" data-elementor-settings=\"[]\">\n\t\t\t\t\t\t<div class=\"elementor-inner\">\n\t\t\t\t\t\t\t<div class=\"elementor-section-wrap\">\n\t\t\t\t\t\t\t<section class=\"elementor-section elementor-top-section elementor-element elementor-element-7781c489 elementor-section-boxed elementor-section-height-default elementor-section-height-default\" data-id=\"7781c489\" data-element_type=\"section\">\n\t\t\t\t\t\t<div class=\"elementor-container elementor-column-gap-default\">\n\t\t\t\t\t\t\t<div class=\"elementor-row\">\n\t\t\t\t\t<div class=\"aux-parallax-section elementor-column elementor-col-100 elementor-top-column elementor-element elementor-element-7bc79271\" data-id=\"7bc79271\" data-element_type=\"column\">\n\t\t\t<div class=\"elementor-column-wrap elementor-element-populated\">\n\t\t\t\t\t\t\t<div class=\"elementor-widget-wrap\">\n\t\t\t\t\t\t<div class=\"elementor-element elementor-element-46307b88 elementor-widget elementor-widget-text-editor\" data-id=\"46307b88\" data-element_type=\"widget\" data-widget_type=\"text-editor.default\">\n\t\t\t\t<div class=\"elementor-widget-container\">\n\t\t\t\t\t<div class=\"elementor-text-editor elementor-clearfix\"><p>A CSG, Unipessoal, Lda. determina que o tratamento de dados deve estar sujeito aos seguintes princ\u00edpios :<\/p>\n<p>\u2022 Determina\u00e7\u00e3o, antes da recolha de dados, dos objetivos para a utiliza\u00e7\u00e3o dos mesmos, bem como da sua conserva\u00e7\u00e3o e elimina\u00e7\u00e3o;<\/p>\n<p>\u2022 Identifica\u00e7\u00e3o dos titulares dos dados (pessoais e n\u00e3o pessoais) e determina\u00e7\u00e3o dos respetivos interesses e direitos;<\/p>\n<p>\u2022 Presta\u00e7\u00e3o de informa\u00e7\u00f5es aos titulares dos dados pessoais sobre os objetivos espec\u00edficos para a utiliza\u00e7\u00e3o, limita\u00e7\u00e3o e interrup\u00e7\u00e3o de utiliza\u00e7\u00e3o, retifica\u00e7\u00e3o e conserva\u00e7\u00e3o, elimina\u00e7\u00e3o dos dados e direito de oposi\u00e7\u00e3o, quando os titulares n\u00e3o tenham conhecimento das informa\u00e7\u00f5es;<\/p>\n<p>\u2022 Obten\u00e7\u00e3o de autoriza\u00e7\u00e3o do titular dos dados pessoais para a respetiva utiliza\u00e7\u00e3o, principalmente quando os mesmos venham ou possam vir a ser utilizados para efeitos de oferta de bens e servi\u00e7os, ainda que gratuitos, ou para an\u00e1lise e controlo do seu comportamento;<\/p>\n<p>\u2022 Interrup\u00e7\u00e3o do tratamento dos dados que tenham deixado de satisfazer os objetivos para os quais foram recolhidos ou quando tal for solicitado pelos seus titulares;<\/p>\n<p>\u2022 Elimina\u00e7\u00e3o dos dados quando os mesmos n\u00e3o sejam usados ou a pedido dos seus titulares, ficando sujeita \u00e0s permiss\u00f5es legais\/fiscais aplic\u00e1veis.<\/p>\n<p>\u2022 Prote\u00e7\u00e3o dos dados por via de medidas de seguran\u00e7a l\u00f3gica, f\u00edsica e outras.<\/p>\n<p>Estes princ\u00edpios aplicam-se aos dados recolhidos por via direta (contatos pessoais e telef\u00f3nicos) ou indireta (correspond\u00eancia postal, sites pr\u00f3prios na internet e redes sociais), quer nas formas verbais e\/ou escritas (fichas de inscri\u00e7\u00e3o\/informa\u00e7\u00e3o; correio postal, publicidade, emails, posts e outros).<\/p>\n<p>A CSG, Unipessoal, Lda, determina que todos os dados detidos e conservados por si devem ser objeto de um tratamento l\u00edcito, leal e transparente, dentro dos meios e recursos de seguran\u00e7a instalados e das responsabilidades institu\u00eddas.<\/p>\n<p>A CSG, Unipessoal, Lda, reserva-se no direito de, a qualquer altura, alterar a presente pol\u00edtica de prote\u00e7\u00e3o de dados.<\/p><\/div>\n\t\t\t\t<\/div>\n\t\t\t\t<\/div>\n\t\t\t\t\t\t<\/div>\n\t\t\t\t\t<\/div>\n\t\t<\/div>\n\t\t\t\t\t\t\t\t<\/div>\n\t\t\t\t\t<\/div>\n\t\t<\/section>\n\t\t\t\t\t\t<\/div>\n\t\t\t\t\t\t<\/div>\n\t\t\t\t\t<\/div>","protected":false},"excerpt":{"rendered":"<p>A CSG, Unipessoal, Lda. determina que o tratamento de dados deve estar sujeito aos seguintes princ\u00edpios : \u2022 Determina\u00e7\u00e3o, antes da recolha de dados, dos objetivos para a utiliza\u00e7\u00e3o dos mesmos, bem como da sua conserva\u00e7\u00e3o e elimina\u00e7\u00e3o; \u2022 Identifica\u00e7\u00e3o dos titulares dos dados (pessoais e n\u00e3o pessoais) e determina\u00e7\u00e3o dos respetivos interesses e direitos; [&hellip;]<\/p>","protected":false},"author":1,"featured_media":0,"parent":0,"menu_order":0,"comment_status":"closed","ping_status":"open","template":"","meta":[],"_links":{"self":[{"href":"https:\/\/www.csgpt.com\/en\/wp-json\/wp\/v2\/pages\/3"}],"collection":[{"href":"https:\/\/www.csgpt.com\/en\/wp-json\/wp\/v2\/pages"}],"about":[{"href":"https:\/\/www.csgpt.com\/en\/wp-json\/wp\/v2\/types\/page"}],"author":[{"embeddable":true,"href":"https:\/\/www.csgpt.com\/en\/wp-json\/wp\/v2\/users\/1"}],"replies":[{"embeddable":true,"href":"https:\/\/www.csgpt.com\/en\/wp-json\/wp\/v2\/comments?post=3"}],"version-history":[{"count":15,"href":"https:\/\/www.csgpt.com\/en\/wp-json\/wp\/v2\/pages\/3\/revisions"}],"predecessor-version":[{"id":906,"href":"https:\/\/www.csgpt.com\/en\/wp-json\/wp\/v2\/pages\/3\/revisions\/906"}],"wp:attachment":[{"href":"https:\/\/www.csgpt.com\/en\/wp-json\/wp\/v2\/media?parent=3"}],"curies":[{"name":"wp","href":"https:\/\/api.w.org\/{rel}","templated":true}]}}